{"id":16026,"date":"2024-06-04T22:53:23","date_gmt":"2024-06-04T14:53:23","guid":{"rendered":"https:\/\/specialsteelforge.com\/?post_type=product&#038;p=16026"},"modified":"2024-07-12T16:48:57","modified_gmt":"2024-07-12T08:48:57","slug":"stainless-steel-forged-pipe-304-stainless-steel-316l-316-forging-tube","status":"publish","type":"product","link":"https:\/\/specialsteelforge.com\/pt\/produto\/stainless-steel-forged-pipe-304-stainless-steel-316l-316-forging-tube\/","title":{"rendered":"Tubo forjado de a\u00e7o inoxid\u00e1vel 304 A\u00e7o inoxid\u00e1vel 316L 316 Tubo forjado"},"content":{"rendered":"<p><img fetchpriority=\"high\" decoding=\"async\" class=\"aligncenter size-full wp-image-16606\" src=\"https:\/\/specialsteelforge.com\/wp-content\/uploads\/2024\/06\/1720774123808.png\" alt=\"\" width=\"1857\" height=\"729\" srcset=\"https:\/\/specialsteelforge.com\/wp-content\/uploads\/2024\/06\/1720774123808.png 1857w, https:\/\/specialsteelforge.com\/wp-content\/uploads\/2024\/06\/1720774123808-400x157.png 400w, https:\/\/specialsteelforge.com\/wp-content\/uploads\/2024\/06\/1720774123808-1300x510.png 1300w, https:\/\/specialsteelforge.com\/wp-content\/uploads\/2024\/06\/1720774123808-768x301.png 768w, https:\/\/specialsteelforge.com\/wp-content\/uploads\/2024\/06\/1720774123808-1536x603.png 1536w, https:\/\/specialsteelforge.com\/wp-content\/uploads\/2024\/06\/1720774123808-18x7.png 18w, https:\/\/specialsteelforge.com\/wp-content\/uploads\/2024\/06\/1720774123808-430x169.png 430w, https:\/\/specialsteelforge.com\/wp-content\/uploads\/2024\/06\/1720774123808-700x275.png 700w\" sizes=\"(max-width: 1857px) 100vw, 1857px\" \/><\/p>","protected":false},"excerpt":{"rendered":"<table>\n<tbody>\n<tr>\n<th class=\"th-label\" width=\"160\">Objeto de processamento:<\/th>\n<td>Metal<\/td>\n<\/tr>\n<tr>\n<th class=\"th-label\" width=\"160\">Estilo de moldagem:<\/th>\n<td>Forjamento<\/td>\n<\/tr>\n<tr>\n<th class=\"th-label\" width=\"160\">T\u00e9cnicas de moldagem:<\/th>\n<td>Fundi\u00e7\u00e3o por gravidade<\/td>\n<\/tr>\n<tr>\n<th class=\"th-label\" width=\"160\">Aplica\u00e7\u00e3o:<\/th>\n<td>Pe\u00e7as para m\u00e1quinas agr\u00edcolas<\/td>\n<\/tr>\n<tr>\n<th class=\"th-label\" width=\"160\">Material:<\/th>\n<td>A\u00e7o<\/td>\n<\/tr>\n<tr>\n<th class=\"th-label\" width=\"160\">Tratamento t\u00e9rmico:<\/th>\n<td>T\u00eampera<\/td>\n<\/tr>\n<\/tbody>\n<\/table>","protected":false},"featured_media":16006,"comment_status":"open","ping_status":"closed","template":"","meta":{"site-sidebar-layout":"default","site-content-layout":"","ast-site-content-layout":"default","site-content-style":"default","site-sidebar-style":"default","ast-global-header-display":"","ast-banner-title-visibility":"","ast-main-header-display":"","ast-hfb-above-header-display":"","ast-hfb-below-header-display":"","ast-hfb-mobile-header-display":"","site-post-title":"","ast-breadcrumbs-content":"","ast-featured-img":"","footer-sml-layout":"","theme-transparent-header-meta":"default","adv-header-id-meta":"","stick-header-meta":"","header-above-stick-meta":"","header-main-stick-meta":"","header-below-stick-meta":"","astra-migrate-meta-layouts":"set","ast-page-background-enabled":"default","ast-page-background-meta":{"desktop":{"background-color":"","background-image":"","background-repeat":"repeat","background-position":"center center","background-size":"auto","background-attachment":"scroll","background-type":"","background-media":"","overlay-type":"","overlay-color":"","overlay-gradient":""},"tablet":{"background-color":"","background-image":"","background-repeat":"repeat","background-position":"center center","background-size":"auto","background-attachment":"scroll","background-type":"","background-media":"","overlay-type":"","overlay-color":"","overlay-gradient":""},"mobile":{"background-color":"","background-image":"","background-repeat":"repeat","background-position":"center center","background-size":"auto","background-attachment":"scroll","background-type":"","background-media":"","overlay-type":"","overlay-color":"","overlay-gradient":""}},"ast-content-background-meta":{"desktop":{"background-color":"var(--ast-global-color-5)","background-image":"","background-repeat":"repeat","background-position":"center center","background-size":"auto","background-attachment":"scroll","background-type":"","background-media":"","overlay-type":"","overlay-color":"","overlay-gradient":""},"tablet":{"background-color":"var(--ast-global-color-5)","background-image":"","background-repeat":"repeat","background-position":"center center","background-size":"auto","background-attachment":"scroll","background-type":"","background-media":"","overlay-type":"","overlay-color":"","overlay-gradient":""},"mobile":{"background-color":"var(--ast-global-color-5)","background-image":"","background-repeat":"repeat","background-position":"center center","background-size":"auto","background-attachment":"scroll","background-type":"","background-media":"","overlay-type":"","overlay-color":"","overlay-gradient":""}}},"product_cat":[35],"product_tag":[],"_links":{"self":[{"href":"https:\/\/specialsteelforge.com\/pt\/wp-json\/wp\/v2\/product\/16026"}],"collection":[{"href":"https:\/\/specialsteelforge.com\/pt\/wp-json\/wp\/v2\/product"}],"about":[{"href":"https:\/\/specialsteelforge.com\/pt\/wp-json\/wp\/v2\/types\/product"}],"replies":[{"embeddable":true,"href":"https:\/\/specialsteelforge.com\/pt\/wp-json\/wp\/v2\/comments?post=16026"}],"version-history":[{"count":3,"href":"https:\/\/specialsteelforge.com\/pt\/wp-json\/wp\/v2\/product\/16026\/revisions"}],"predecessor-version":[{"id":16605,"href":"https:\/\/specialsteelforge.com\/pt\/wp-json\/wp\/v2\/product\/16026\/revisions\/16605"}],"wp:featuredmedia":[{"embeddable":true,"href":"https:\/\/specialsteelforge.com\/pt\/wp-json\/wp\/v2\/media\/16006"}],"wp:attachment":[{"href":"https:\/\/specialsteelforge.com\/pt\/wp-json\/wp\/v2\/media?parent=16026"}],"wp:term":[{"taxonomy":"product_cat","embeddable":true,"href":"https:\/\/specialsteelforge.com\/pt\/wp-json\/wp\/v2\/product_cat?post=16026"},{"taxonomy":"product_tag","embeddable":true,"href":"https:\/\/specialsteelforge.com\/pt\/wp-json\/wp\/v2\/product_tag?post=16026"}],"curies":[{"name":"wp","href":"https:\/\/api.w.org\/{rel}","templated":true}]}}