{"id":4439,"date":"2021-10-12T16:27:24","date_gmt":"2021-10-12T16:27:24","guid":{"rendered":"https:\/\/specialsteelforge.com\/contact-us\/"},"modified":"2021-10-12T16:27:24","modified_gmt":"2021-10-12T16:27:24","slug":"contact-us","status":"publish","type":"page","link":"https:\/\/specialsteelforge.com\/pt\/contact-us\/","title":{"rendered":"Contactar-nos"},"content":{"rendered":"<link rel=\"\\\"stylesheet\\\"\" id=\"\\\"wd-map-css\\\"\" href=\"\\\"https:> \t\t\t\t\t\t<link rel=\"\\\"stylesheet\\\"\" id=\"\\\"wd-el-google-map-css\\\"\" href=\"\\\"https:> \t\t\t\t\t<\/h3>\n<p>\\\u201d,\\\u201dselector\\\u201d:\\\u201dwd-map-id-659be5e21a99e\\\u201d,\\\u201dmarkers\\\u201d:null,\\\u201dcenter\\\u201d:\\\u201d\\\u201d}\\\u2019&gt;<\/p>\n<style>.elementor-4452 .elementor-element.elementor-element-64d2028{--display:flex;--background-transition:0.3s;}<\/style>\n<link rel=\"\\\"stylesheet\\\"\" id=\"\\\"wd-info-box-css\\\"\" href=\"\\\"https:>\n\t\t\t\t\t\t\tAS NOSSAS LOJAS\t\t\t\t\t\t<\/p>\n<h4\t\t\t\t\t\tclass=\"\\\"info-box-title\" title box-title-style-default wd-fontsize-m\\\" data-elementor-setting-key=\"\\\"title\\\"\">\n\t\t\t\t\t\t\t\tVISITE A NOSSA NOVA<br \/>\nLOJA EM NOVA YORK\t\t\t\t\t\t<\/h4>\n<p>294 Bay Meadows Ave.<br \/>Bay Shore, NY 11706<\/p>\n<p>\t\t\t<a  href=\"\/pt\/\"#\\\"\"><br \/>\n\t\t\t\t\tVer mais sobre<br \/>\n\t\t\t\t\t\t\t<\/a>\n\t\t\t\t\t\t<link rel=\"\\\"stylesheet\\\"\" id=\"\\\"wd-section-title-css\\\"\" href=\"\\\"https:>\n\t\t\t\t\tQUEST\u00d5ES DE INFORMA\u00c7\u00c3O\t\t\t\t<\/p>\n<h4>PERGUNTAS FREQUENTES<\/h4>\n<link rel=\"\\\"stylesheet\\\"\" id=\"\\\"wd-accordion-css\\\"\" href=\"\\\"https:>\n\t\t\t\t\t\t\t\tReceberei o mesmo produto que vejo na fotografia?\t\t\t\t\t\t\t<\/p>\n<p>Consectetur cras scelerisque dis nec mi vestibulum ullamcorper turpis enim natoque tempus a malesuada suspendisse iaculis adipiscing himenaeos tincidunt.Tellus pharetra dis nostra urna a scelerisque id parturient ullamcorper ullamcorper class ad consectetur tristique et.<\/p>\n<p>Hendrerit mollis facilisi odio a montes scelerisque a scelerisque justo a praesent conubia aenean mi tempor.<\/p>\n<p>\t\t\t\t\t\t\t\tOnde posso ver o meu recibo de venda?\t\t\t\t\t\t\t<\/p>\n<p>A vel dui a conubia vestibulum class varius vel nunc a gravida ut maecenas quisque a proin condimentum sagittis class at faucibus primis parturient dolor scelerisque himenaeos.<\/p>\n<p>A et ullamcorper vestibulum netus a mauris ac consectetur libero volutpat congue congue turpis a consectetur adipiscing sit.Suspendisse leo fringilla a congue tempus nisi conubia vestibulum a in posuere accumsan.<\/p>\n<p>\t\t\t\t\t\t\t\tComo \u00e9 que posso devolver um artigo?\t\t\t\t\t\t\t<\/p>\n<p>Sit rhoncus aptent dis scelerisque penatibus a dis tempor accumsan suspendisse mollis a et odio ullamcorper magnis ullamcorper cum ullamcorper duis nulla egestas massa.<\/p>\n<p>Vitae amet nostra est leo dignissim justo sodales et ac a conubia bibendum duis ad justo suspendisse a a tellus cubilia vestibulum a dictumst a duis risus.Sociosqu curae consequat nisl litora a eros est consectetur nulla rhoncus a a id felis praesent.Tempus dui integer a cursus id fames parturient.<\/p>\n<p>\t\t\t\t\t\t\t\tOs artigos indicados como \"fora de stock\" ser\u00e3o repostos no stock?\t\t\t\t\t\t\t<\/p>\n<p>Scelerisque parturient sagittis nisi in aliquam dui scelerisque non consectetur aptent hac adipiscing ullamcorper pulvinar sit vestibulum purus facilisi hendrerit mus nisl massa ut parturient consectetur cum justo fames torquent.<\/p>\n<p>Ac curae aliquet vivamus aptent duis congue urna venenatis ridiculus faucibus tincidunt a lorem rutrum nullam potenti adipiscing.Adipiscing.<\/p>\n<p>\t\t\t\t\t\t\t\tPara onde posso enviar a minha encomenda?\t\t\t\t\t\t\t<\/p>\n<p>Ut bibendum a adipiscing purus massa a facilisi congue parturient condimentum urna donec per adipiscing cursus nisl nam tristique parturient id.<\/p>\n<p>Aliquam quam at et in ipsum at venenatis a eget dignissim aliquam tincidunt ultrices lacus ad consectetur imperdiet sem suspendisse ante a dapibus potenti.Eu parturient parturient magnis tempus molestie augue quam vulputate hac facilisis est nisl pretium a cursus.<\/p>\n<p>\t\t\t\t\tINFORMA\u00c7\u00d5ES SOBRE N\u00d3S\t\t\t\t<\/p>\n<h4>CONTACTE-NOS PARA QUAISQUER QUEST\u00d5ES<\/h4>\n<p role=\"\\\"status\\\"\" aria-live=\"\\\"polite\\\"\" aria-atomic=\"\\\"true\\\"\">\n<ul><\/ul>\n<form action=\"\/pt\/\" data-trp-original-action=\"\\\">\n<input type=\"\\\"hidden\\\"\" name=\"\\\"_wpcf7\\\"\" value=\"\\\"1572\\\"\" \/><br \/>\n<input type=\"\\\"hidden\\\"\" name=\"\\\"_wpcf7_version\\\"\" value=\"\\\"5.8.5\\\"\" \/><br \/>\n<input type=\"\\\"hidden\\\"\" name=\"\\\"_wpcf7_locale\\\"\" value=\"\\\"en_us\\\"\" \/><br \/>\n<input type=\"\\\"hidden\\\"\" name=\"\\\"_wpcf7_unit_tag\\\"\" value=\"\\\"wpcf7-f1572-o1\\\"\" \/><br \/>\n<input type=\"\\\"hidden\\\"\" name=\"\\\"_wpcf7_container_post\\\"\" value=\"\\\"0\\\"\" \/><br \/>\n<input type=\"\\\"hidden\\\"\" name=\"\\\"_wpcf7_posted_data_hash\\\"\" value=\"\\\"\\\"\" \/><input type=\"hidden\" name=\"trp-form-language\" value=\"pt\"\/><\/p>\n<p><label>O seu nome<\/label><input size=\"\\\"40\\\"\" aria-required=\"\\\"true\\\"\" aria-invalid=\"\\\"false\\\"\" value=\"\\\"\\\"\" type=\"\\\"text\\\"\" name=\"\\\"your-name\\\"\" \/>\n\t<\/p>\n<p><label>O seu e-mail<\/label><input size=\"\\\"40\\\"\" aria-required=\"\\\"true\\\"\" aria-invalid=\"\\\"false\\\"\" value=\"\\\"\\\"\" type=\"\\\"email\\\"\" name=\"\\\"your-email\\\"\" \/>\n\t<\/p>\n<p><label>N\u00famero de telefone<\/label><input size=\"\\\"40\\\"\" aria-invalid=\"\\\"false\\\"\" value=\"\\\"\\\"\" type=\"\\\"tel\\\"\" name=\"\\\"tel-767\\\"\" \/>\n\t<\/p>\n<p><label>Empresa<\/label><input size=\"\\\"40\\\"\" aria-invalid=\"\\\"false\\\"\" value=\"\\\"\\\"\" type=\"\\\"text\\\"\" name=\"\\\"text-1\\\"\" \/>\n\t<\/p>\n<p><label>A sua mensagem<\/label><textarea cols=\"\\\"40\\\"\" rows=\"\\\"10\\\"\" aria-invalid=\"\\\"false\\\"\" name=\"\\\"your-message\\\"\"><\/textarea>\n<\/p>\n<p><input type=\"\\\"submit\\\"\" value=\"\\\"ask\" a question\\\" \/>\n<\/p>\n<\/form>","protected":false},"excerpt":{"rendered":"<p>\\&#8221;,\\&#8221;selector\\&#8221;:\\&#8221;wd-map-id-659be5e21a99e\\&#8221;,\\&#8221;markers\\&#8221;:null,\\&#8221;center\\&#8221;:\\&#8221;\\&#8221;}\\&#8217;> OUR STORES VISIT OUR NEW STORE IN NEW YORK 294 Bay Meadows Ave.Bay Shore, NY 11706 See More About INFORMATION QUESTIONS FREQUENTLY ASKED QUESTIONS Will I receive the same product that I see in the picture? Consectetur cras scelerisque dis nec mi vestibulum ullamcorper turpis enim natoque tempus a malesuada suspendisse iaculis adipiscing himenaeos tincidunt.Tellus pharetra dis nostra urna a scelerisque id parturient ullamcorper ullamcorper class ad consectetur tristique et. Hendrerit mollis facilisi odio a montes scelerisque a scelerisque justo a praesent conubia aenean mi tempor. Where can I view my sales receipt? A vel dui a conubia vestibulum class varius vel nunc a gravida ut maecenas quisque a proin condimentum sagittis class at faucibus primis parturient dolor scelerisque himenaeos. A et ullamcorper vestibulum netus a mauris ac consectetur libero volutpat congue congue turpis a consectetur adipiscing sit.Suspendisse leo fringilla a congue tempus nisi conubia vestibulum a in posuere accumsan. How can I return an item? Sit rhoncus aptent dis scelerisque penatibus a dis tempor accumsan suspendisse mollis a et odio ullamcorper magnis ullamcorper cum ullamcorper duis nulla egestas massa. Vitae amet nostra est leo dignissim justo sodales et ac a conubia bibendum duis ad justo suspendisse a a tellus cubilia vestibulum a dictumst a duis risus.Sociosqu curae consequat nisl litora a eros est consectetur nulla rhoncus a a id felis praesent.Tempus dui integer a cursus id fames parturient. Will you restock items indicated as \u201cout of stock?\u201d Scelerisque parturient sagittis nisi in aliquam dui scelerisque non consectetur aptent hac adipiscing ullamcorper pulvinar sit vestibulum purus facilisi hendrerit mus nisl massa ut parturient consectetur cum justo fames torquent. Ac curae aliquet vivamus aptent duis congue urna venenatis ridiculus faucibus tincidunt a lorem rutrum nullam potenti adipiscing.Adipiscing. Where can I ship my order? Ut bibendum a adipiscing purus massa a facilisi congue parturient condimentum urna donec per adipiscing cursus nisl nam tristique parturient id. Aliquam quam at et in ipsum at venenatis a eget dignissim aliquam tincidunt ultrices lacus ad consectetur imperdiet sem suspendisse ante a dapibus potenti.Eu parturient parturient magnis tempus molestie augue quam vulputate hac facilisis est nisl pretium a cursus. INFORMATION ABOUT US CONTACT US FOR ANY QUESTIONS Your Name Your Email Phone Number Company Your Message<\/p>","protected":false},"author":1,"featured_media":0,"parent":0,"menu_order":0,"comment_status":"closed","ping_status":"closed","template":"","meta":{"site-sidebar-layout":"default","site-content-layout":"","ast-site-content-layout":"default","site-content-style":"default","site-sidebar-style":"default","ast-global-header-display":"","ast-banner-title-visibility":"","ast-main-header-display":"","ast-hfb-above-header-display":"","ast-hfb-below-header-display":"","ast-hfb-mobile-header-display":"","site-post-title":"","ast-breadcrumbs-content":"","ast-featured-img":"","footer-sml-layout":"","ast-disable-related-posts":"","theme-transparent-header-meta":"","adv-header-id-meta":"","stick-header-meta":"","header-above-stick-meta":"","header-main-stick-meta":"","header-below-stick-meta":"","astra-migrate-meta-layouts":"default","ast-page-background-enabled":"default","ast-page-background-meta":{"desktop":{"background-color":"","background-image":"","background-repeat":"repeat","background-position":"center center","background-size":"auto","background-attachment":"scroll","background-type":"","background-media":"","overlay-type":"","overlay-color":"","overlay-opacity":"","overlay-gradient":""},"tablet":{"background-color":"","background-image":"","background-repeat":"repeat","background-position":"center center","background-size":"auto","background-attachment":"scroll","background-type":"","background-media":"","overlay-type":"","overlay-color":"","overlay-opacity":"","overlay-gradient":""},"mobile":{"background-color":"","background-image":"","background-repeat":"repeat","background-position":"center center","background-size":"auto","background-attachment":"scroll","background-type":"","background-media":"","overlay-type":"","overlay-color":"","overlay-opacity":"","overlay-gradient":""}},"ast-content-background-meta":{"desktop":{"background-color":"var(--ast-global-color-5)","background-image":"","background-repeat":"repeat","background-position":"center center","background-size":"auto","background-attachment":"scroll","background-type":"","background-media":"","overlay-type":"","overlay-color":"","overlay-opacity":"","overlay-gradient":""},"tablet":{"background-color":"var(--ast-global-color-5)","background-image":"","background-repeat":"repeat","background-position":"center center","background-size":"auto","background-attachment":"scroll","background-type":"","background-media":"","overlay-type":"","overlay-color":"","overlay-opacity":"","overlay-gradient":""},"mobile":{"background-color":"var(--ast-global-color-5)","background-image":"","background-repeat":"repeat","background-position":"center center","background-size":"auto","background-attachment":"scroll","background-type":"","background-media":"","overlay-type":"","overlay-color":"","overlay-opacity":"","overlay-gradient":""}},"footnotes":""},"_links":{"self":[{"href":"https:\/\/specialsteelforge.com\/pt\/wp-json\/wp\/v2\/pages\/4439"}],"collection":[{"href":"https:\/\/specialsteelforge.com\/pt\/wp-json\/wp\/v2\/pages"}],"about":[{"href":"https:\/\/specialsteelforge.com\/pt\/wp-json\/wp\/v2\/types\/page"}],"author":[{"embeddable":true,"href":"https:\/\/specialsteelforge.com\/pt\/wp-json\/wp\/v2\/users\/1"}],"replies":[{"embeddable":true,"href":"https:\/\/specialsteelforge.com\/pt\/wp-json\/wp\/v2\/comments?post=4439"}],"version-history":[{"count":0,"href":"https:\/\/specialsteelforge.com\/pt\/wp-json\/wp\/v2\/pages\/4439\/revisions"}],"wp:attachment":[{"href":"https:\/\/specialsteelforge.com\/pt\/wp-json\/wp\/v2\/media?parent=4439"}],"curies":[{"name":"wp","href":"https:\/\/api.w.org\/{rel}","templated":true}]}}