{"id":16173,"date":"2024-06-05T15:18:10","date_gmt":"2024-06-05T07:18:10","guid":{"rendered":"https:\/\/specialsteelforge.com\/?post_type=product&#038;p=16173"},"modified":"2024-07-11T23:09:41","modified_gmt":"2024-07-11T15:09:41","slug":"sa-182-f91-stainless-steel-metal-forgings-ball-valve-forging-flange","status":"publish","type":"product","link":"https:\/\/specialsteelforge.com\/fr\/produit\/sa-182-f91-stainless-steel-metal-forgings-ball-valve-forging-flange\/","title":{"rendered":"SA-182 F91 Acier Inoxydable M\u00e9tal Forg\u00e9 Robinet \u00e0 Bille Forg\u00e9 Bride"},"content":{"rendered":"<p><img fetchpriority=\"high\" decoding=\"async\" class=\"aligncenter size-full wp-image-16456\" src=\"https:\/\/specialsteelforge.com\/wp-content\/uploads\/2024\/06\/1720710552150.png\" alt=\"\" width=\"1845\" height=\"773\" srcset=\"https:\/\/specialsteelforge.com\/wp-content\/uploads\/2024\/06\/1720710552150.png 1845w, https:\/\/specialsteelforge.com\/wp-content\/uploads\/2024\/06\/1720710552150-400x168.png 400w, https:\/\/specialsteelforge.com\/wp-content\/uploads\/2024\/06\/1720710552150-1300x545.png 1300w, https:\/\/specialsteelforge.com\/wp-content\/uploads\/2024\/06\/1720710552150-768x322.png 768w, https:\/\/specialsteelforge.com\/wp-content\/uploads\/2024\/06\/1720710552150-1536x644.png 1536w, https:\/\/specialsteelforge.com\/wp-content\/uploads\/2024\/06\/1720710552150-18x8.png 18w, https:\/\/specialsteelforge.com\/wp-content\/uploads\/2024\/06\/1720710552150-430x180.png 430w, https:\/\/specialsteelforge.com\/wp-content\/uploads\/2024\/06\/1720710552150-700x293.png 700w\" sizes=\"(max-width: 1845px) 100vw, 1845px\" \/><\/p>","protected":false},"excerpt":{"rendered":"<table>\n<tbody>\n<tr>\n<th class=\"th-label\" width=\"160\">Objet de traitement :<\/th>\n<td>M\u00e9tal<\/td>\n<\/tr>\n<tr>\n<th class=\"th-label\" width=\"160\">Style de moulage :<\/th>\n<td>Forgeage<\/td>\n<\/tr>\n<tr>\n<th class=\"th-label\" width=\"160\">Techniques de moulage :<\/th>\n<td>Coul\u00e9e par gravit\u00e9<\/td>\n<\/tr>\n<tr>\n<th class=\"th-label\" width=\"160\">Application :<\/th>\n<td>Pi\u00e8ces d\u00e9tach\u00e9es pour machines agricoles<\/td>\n<\/tr>\n<tr>\n<th class=\"th-label\" width=\"160\">Mat\u00e9riau :<\/th>\n<td>Acier<\/td>\n<\/tr>\n<tr>\n<th class=\"th-label\" width=\"160\">Traitement thermique :<\/th>\n<td>Trempe<\/td>\n<\/tr>\n<\/tbody>\n<\/table>","protected":false},"featured_media":16185,"comment_status":"open","ping_status":"closed","template":"","meta":{"site-sidebar-layout":"default","site-content-layout":"","ast-site-content-layout":"default","site-content-style":"default","site-sidebar-style":"default","ast-global-header-display":"","ast-banner-title-visibility":"","ast-main-header-display":"","ast-hfb-above-header-display":"","ast-hfb-below-header-display":"","ast-hfb-mobile-header-display":"","site-post-title":"","ast-breadcrumbs-content":"","ast-featured-img":"","footer-sml-layout":"","theme-transparent-header-meta":"default","adv-header-id-meta":"","stick-header-meta":"","header-above-stick-meta":"","header-main-stick-meta":"","header-below-stick-meta":"","astra-migrate-meta-layouts":"set","ast-page-background-enabled":"default","ast-page-background-meta":{"desktop":{"background-color":"","background-image":"","background-repeat":"repeat","background-position":"center center","background-size":"auto","background-attachment":"scroll","background-type":"","background-media":"","overlay-type":"","overlay-color":"","overlay-gradient":""},"tablet":{"background-color":"","background-image":"","background-repeat":"repeat","background-position":"center center","background-size":"auto","background-attachment":"scroll","background-type":"","background-media":"","overlay-type":"","overlay-color":"","overlay-gradient":""},"mobile":{"background-color":"","background-image":"","background-repeat":"repeat","background-position":"center center","background-size":"auto","background-attachment":"scroll","background-type":"","background-media":"","overlay-type":"","overlay-color":"","overlay-gradient":""}},"ast-content-background-meta":{"desktop":{"background-color":"var(--ast-global-color-5)","background-image":"","background-repeat":"repeat","background-position":"center center","background-size":"auto","background-attachment":"scroll","background-type":"","background-media":"","overlay-type":"","overlay-color":"","overlay-gradient":""},"tablet":{"background-color":"var(--ast-global-color-5)","background-image":"","background-repeat":"repeat","background-position":"center center","background-size":"auto","background-attachment":"scroll","background-type":"","background-media":"","overlay-type":"","overlay-color":"","overlay-gradient":""},"mobile":{"background-color":"var(--ast-global-color-5)","background-image":"","background-repeat":"repeat","background-position":"center center","background-size":"auto","background-attachment":"scroll","background-type":"","background-media":"","overlay-type":"","overlay-color":"","overlay-gradient":""}}},"product_cat":[30,52],"product_tag":[],"_links":{"self":[{"href":"https:\/\/specialsteelforge.com\/fr\/wp-json\/wp\/v2\/product\/16173"}],"collection":[{"href":"https:\/\/specialsteelforge.com\/fr\/wp-json\/wp\/v2\/product"}],"about":[{"href":"https:\/\/specialsteelforge.com\/fr\/wp-json\/wp\/v2\/types\/product"}],"replies":[{"embeddable":true,"href":"https:\/\/specialsteelforge.com\/fr\/wp-json\/wp\/v2\/comments?post=16173"}],"version-history":[{"count":3,"href":"https:\/\/specialsteelforge.com\/fr\/wp-json\/wp\/v2\/product\/16173\/revisions"}],"predecessor-version":[{"id":16455,"href":"https:\/\/specialsteelforge.com\/fr\/wp-json\/wp\/v2\/product\/16173\/revisions\/16455"}],"wp:featuredmedia":[{"embeddable":true,"href":"https:\/\/specialsteelforge.com\/fr\/wp-json\/wp\/v2\/media\/16185"}],"wp:attachment":[{"href":"https:\/\/specialsteelforge.com\/fr\/wp-json\/wp\/v2\/media?parent=16173"}],"wp:term":[{"taxonomy":"product_cat","embeddable":true,"href":"https:\/\/specialsteelforge.com\/fr\/wp-json\/wp\/v2\/product_cat?post=16173"},{"taxonomy":"product_tag","embeddable":true,"href":"https:\/\/specialsteelforge.com\/fr\/wp-json\/wp\/v2\/product_tag?post=16173"}],"curies":[{"name":"wp","href":"https:\/\/api.w.org\/{rel}","templated":true}]}}