{"id":15997,"date":"2024-06-04T21:32:07","date_gmt":"2024-06-04T13:32:07","guid":{"rendered":"https:\/\/specialsteelforge.com\/?post_type=product&#038;p=15997"},"modified":"2024-07-13T16:45:38","modified_gmt":"2024-07-13T08:45:38","slug":"s45c-forged-stainless-steel-block-bar-2","status":"publish","type":"product","link":"https:\/\/specialsteelforge.com\/fr\/produit\/s45c-forged-stainless-steel-block-bar-2\/","title":{"rendered":"Bloc-cylindres de moteur forg\u00e9 en acier alli\u00e9 A105 A36 en acier inoxydable"},"content":{"rendered":"<p><img fetchpriority=\"high\" decoding=\"async\" class=\"aligncenter size-full wp-image-16629\" src=\"https:\/\/specialsteelforge.com\/wp-content\/uploads\/2024\/06\/1720860326573.png\" alt=\"\" width=\"1839\" height=\"735\" srcset=\"https:\/\/specialsteelforge.com\/wp-content\/uploads\/2024\/06\/1720860326573.png 1839w, https:\/\/specialsteelforge.com\/wp-content\/uploads\/2024\/06\/1720860326573-400x160.png 400w, https:\/\/specialsteelforge.com\/wp-content\/uploads\/2024\/06\/1720860326573-1300x520.png 1300w, https:\/\/specialsteelforge.com\/wp-content\/uploads\/2024\/06\/1720860326573-768x307.png 768w, https:\/\/specialsteelforge.com\/wp-content\/uploads\/2024\/06\/1720860326573-1536x614.png 1536w, https:\/\/specialsteelforge.com\/wp-content\/uploads\/2024\/06\/1720860326573-18x7.png 18w, https:\/\/specialsteelforge.com\/wp-content\/uploads\/2024\/06\/1720860326573-430x172.png 430w, https:\/\/specialsteelforge.com\/wp-content\/uploads\/2024\/06\/1720860326573-700x280.png 700w\" sizes=\"(max-width: 1839px) 100vw, 1839px\" \/><\/p>","protected":false},"excerpt":{"rendered":"<table>\n<tbody>\n<tr>\n<th class=\"th-label\" width=\"160\">Objet de traitement :<\/th>\n<td>M\u00e9tal<\/td>\n<\/tr>\n<tr>\n<th class=\"th-label\" width=\"160\">Style de moulage :<\/th>\n<td>Forgeage<\/td>\n<\/tr>\n<tr>\n<th class=\"th-label\" width=\"160\">Techniques de moulage :<\/th>\n<td>Coul\u00e9e par gravit\u00e9<\/td>\n<\/tr>\n<tr>\n<th class=\"th-label\" width=\"160\">Application :<\/th>\n<td>Pi\u00e8ces d\u00e9tach\u00e9es pour machines agricoles<\/td>\n<\/tr>\n<tr>\n<th class=\"th-label\" width=\"160\">Mat\u00e9riau :<\/th>\n<td>Acier<\/td>\n<\/tr>\n<tr>\n<th class=\"th-label\" width=\"160\">Traitement thermique :<\/th>\n<td>Trempe<\/td>\n<\/tr>\n<\/tbody>\n<\/table>","protected":false},"featured_media":15975,"comment_status":"open","ping_status":"closed","template":"","meta":{"site-sidebar-layout":"default","site-content-layout":"","ast-site-content-layout":"default","site-content-style":"default","site-sidebar-style":"default","ast-global-header-display":"","ast-banner-title-visibility":"","ast-main-header-display":"","ast-hfb-above-header-display":"","ast-hfb-below-header-display":"","ast-hfb-mobile-header-display":"","site-post-title":"","ast-breadcrumbs-content":"","ast-featured-img":"","footer-sml-layout":"","theme-transparent-header-meta":"default","adv-header-id-meta":"","stick-header-meta":"","header-above-stick-meta":"","header-main-stick-meta":"","header-below-stick-meta":"","astra-migrate-meta-layouts":"set","ast-page-background-enabled":"default","ast-page-background-meta":{"desktop":{"background-color":"","background-image":"","background-repeat":"repeat","background-position":"center center","background-size":"auto","background-attachment":"scroll","background-type":"","background-media":"","overlay-type":"","overlay-color":"","overlay-gradient":""},"tablet":{"background-color":"","background-image":"","background-repeat":"repeat","background-position":"center center","background-size":"auto","background-attachment":"scroll","background-type":"","background-media":"","overlay-type":"","overlay-color":"","overlay-gradient":""},"mobile":{"background-color":"","background-image":"","background-repeat":"repeat","background-position":"center center","background-size":"auto","background-attachment":"scroll","background-type":"","background-media":"","overlay-type":"","overlay-color":"","overlay-gradient":""}},"ast-content-background-meta":{"desktop":{"background-color":"var(--ast-global-color-5)","background-image":"","background-repeat":"repeat","background-position":"center center","background-size":"auto","background-attachment":"scroll","background-type":"","background-media":"","overlay-type":"","overlay-color":"","overlay-gradient":""},"tablet":{"background-color":"var(--ast-global-color-5)","background-image":"","background-repeat":"repeat","background-position":"center center","background-size":"auto","background-attachment":"scroll","background-type":"","background-media":"","overlay-type":"","overlay-color":"","overlay-gradient":""},"mobile":{"background-color":"var(--ast-global-color-5)","background-image":"","background-repeat":"repeat","background-position":"center center","background-size":"auto","background-attachment":"scroll","background-type":"","background-media":"","overlay-type":"","overlay-color":"","overlay-gradient":""}}},"product_cat":[34],"product_tag":[],"_links":{"self":[{"href":"https:\/\/specialsteelforge.com\/fr\/wp-json\/wp\/v2\/product\/15997"}],"collection":[{"href":"https:\/\/specialsteelforge.com\/fr\/wp-json\/wp\/v2\/product"}],"about":[{"href":"https:\/\/specialsteelforge.com\/fr\/wp-json\/wp\/v2\/types\/product"}],"replies":[{"embeddable":true,"href":"https:\/\/specialsteelforge.com\/fr\/wp-json\/wp\/v2\/comments?post=15997"}],"version-history":[{"count":3,"href":"https:\/\/specialsteelforge.com\/fr\/wp-json\/wp\/v2\/product\/15997\/revisions"}],"predecessor-version":[{"id":16630,"href":"https:\/\/specialsteelforge.com\/fr\/wp-json\/wp\/v2\/product\/15997\/revisions\/16630"}],"wp:featuredmedia":[{"embeddable":true,"href":"https:\/\/specialsteelforge.com\/fr\/wp-json\/wp\/v2\/media\/15975"}],"wp:attachment":[{"href":"https:\/\/specialsteelforge.com\/fr\/wp-json\/wp\/v2\/media?parent=15997"}],"wp:term":[{"taxonomy":"product_cat","embeddable":true,"href":"https:\/\/specialsteelforge.com\/fr\/wp-json\/wp\/v2\/product_cat?post=15997"},{"taxonomy":"product_tag","embeddable":true,"href":"https:\/\/specialsteelforge.com\/fr\/wp-json\/wp\/v2\/product_tag?post=15997"}],"curies":[{"name":"wp","href":"https:\/\/api.w.org\/{rel}","templated":true}]}}