{"id":15981,"date":"2024-06-04T21:18:40","date_gmt":"2024-06-04T13:18:40","guid":{"rendered":"https:\/\/specialsteelforge.com\/?post_type=product&#038;p=15981"},"modified":"2024-07-13T16:57:05","modified_gmt":"2024-07-13T08:57:05","slug":"china-manufactory-die-steel-hot-rolled-forging-square-rod-bar-block","status":"publish","type":"product","link":"https:\/\/specialsteelforge.com\/fr\/produit\/china-manufactory-die-steel-hot-rolled-forging-square-rod-bar-block\/","title":{"rendered":"Acier de matri\u00e7age lamin\u00e9 \u00e0 chaud de fabrication chinoise Tige carr\u00e9e\/barre\/bloc"},"content":{"rendered":"<p><img fetchpriority=\"high\" decoding=\"async\" class=\"aligncenter size-full wp-image-16649\" src=\"https:\/\/specialsteelforge.com\/wp-content\/uploads\/2024\/06\/1720861018816.png\" alt=\"\" width=\"1833\" height=\"723\" srcset=\"https:\/\/specialsteelforge.com\/wp-content\/uploads\/2024\/06\/1720861018816.png 1833w, https:\/\/specialsteelforge.com\/wp-content\/uploads\/2024\/06\/1720861018816-400x158.png 400w, https:\/\/specialsteelforge.com\/wp-content\/uploads\/2024\/06\/1720861018816-1300x513.png 1300w, https:\/\/specialsteelforge.com\/wp-content\/uploads\/2024\/06\/1720861018816-768x303.png 768w, https:\/\/specialsteelforge.com\/wp-content\/uploads\/2024\/06\/1720861018816-1536x606.png 1536w, https:\/\/specialsteelforge.com\/wp-content\/uploads\/2024\/06\/1720861018816-18x7.png 18w, https:\/\/specialsteelforge.com\/wp-content\/uploads\/2024\/06\/1720861018816-430x170.png 430w, https:\/\/specialsteelforge.com\/wp-content\/uploads\/2024\/06\/1720861018816-700x276.png 700w\" sizes=\"(max-width: 1833px) 100vw, 1833px\" \/><\/p>","protected":false},"excerpt":{"rendered":"<table>\n<tbody>\n<tr>\n<th class=\"th-label\" width=\"160\">Objet de traitement :<\/th>\n<td>M\u00e9tal<\/td>\n<\/tr>\n<tr>\n<th class=\"th-label\" width=\"160\">Style de moulage :<\/th>\n<td>Forgeage<\/td>\n<\/tr>\n<tr>\n<th class=\"th-label\" width=\"160\">Techniques de moulage :<\/th>\n<td>Coul\u00e9e par gravit\u00e9<\/td>\n<\/tr>\n<tr>\n<th class=\"th-label\" width=\"160\">Application :<\/th>\n<td>Pi\u00e8ces d\u00e9tach\u00e9es pour machines agricoles<\/td>\n<\/tr>\n<tr>\n<th class=\"th-label\" width=\"160\">Mat\u00e9riau :<\/th>\n<td>Acier<\/td>\n<\/tr>\n<tr>\n<th class=\"th-label\" width=\"160\">Traitement thermique :<\/th>\n<td>Trempe<\/td>\n<\/tr>\n<\/tbody>\n<\/table>","protected":false},"featured_media":15967,"comment_status":"open","ping_status":"closed","template":"","meta":{"site-sidebar-layout":"default","site-content-layout":"","ast-site-content-layout":"default","site-content-style":"default","site-sidebar-style":"default","ast-global-header-display":"","ast-banner-title-visibility":"","ast-main-header-display":"","ast-hfb-above-header-display":"","ast-hfb-below-header-display":"","ast-hfb-mobile-header-display":"","site-post-title":"","ast-breadcrumbs-content":"","ast-featured-img":"","footer-sml-layout":"","theme-transparent-header-meta":"default","adv-header-id-meta":"","stick-header-meta":"","header-above-stick-meta":"","header-main-stick-meta":"","header-below-stick-meta":"","astra-migrate-meta-layouts":"set","ast-page-background-enabled":"default","ast-page-background-meta":{"desktop":{"background-color":"","background-image":"","background-repeat":"repeat","background-position":"center center","background-size":"auto","background-attachment":"scroll","background-type":"","background-media":"","overlay-type":"","overlay-color":"","overlay-gradient":""},"tablet":{"background-color":"","background-image":"","background-repeat":"repeat","background-position":"center center","background-size":"auto","background-attachment":"scroll","background-type":"","background-media":"","overlay-type":"","overlay-color":"","overlay-gradient":""},"mobile":{"background-color":"","background-image":"","background-repeat":"repeat","background-position":"center center","background-size":"auto","background-attachment":"scroll","background-type":"","background-media":"","overlay-type":"","overlay-color":"","overlay-gradient":""}},"ast-content-background-meta":{"desktop":{"background-color":"var(--ast-global-color-5)","background-image":"","background-repeat":"repeat","background-position":"center center","background-size":"auto","background-attachment":"scroll","background-type":"","background-media":"","overlay-type":"","overlay-color":"","overlay-gradient":""},"tablet":{"background-color":"var(--ast-global-color-5)","background-image":"","background-repeat":"repeat","background-position":"center center","background-size":"auto","background-attachment":"scroll","background-type":"","background-media":"","overlay-type":"","overlay-color":"","overlay-gradient":""},"mobile":{"background-color":"var(--ast-global-color-5)","background-image":"","background-repeat":"repeat","background-position":"center center","background-size":"auto","background-attachment":"scroll","background-type":"","background-media":"","overlay-type":"","overlay-color":"","overlay-gradient":""}}},"product_cat":[34],"product_tag":[],"_links":{"self":[{"href":"https:\/\/specialsteelforge.com\/fr\/wp-json\/wp\/v2\/product\/15981"}],"collection":[{"href":"https:\/\/specialsteelforge.com\/fr\/wp-json\/wp\/v2\/product"}],"about":[{"href":"https:\/\/specialsteelforge.com\/fr\/wp-json\/wp\/v2\/types\/product"}],"replies":[{"embeddable":true,"href":"https:\/\/specialsteelforge.com\/fr\/wp-json\/wp\/v2\/comments?post=15981"}],"version-history":[{"count":3,"href":"https:\/\/specialsteelforge.com\/fr\/wp-json\/wp\/v2\/product\/15981\/revisions"}],"predecessor-version":[{"id":16648,"href":"https:\/\/specialsteelforge.com\/fr\/wp-json\/wp\/v2\/product\/15981\/revisions\/16648"}],"wp:featuredmedia":[{"embeddable":true,"href":"https:\/\/specialsteelforge.com\/fr\/wp-json\/wp\/v2\/media\/15967"}],"wp:attachment":[{"href":"https:\/\/specialsteelforge.com\/fr\/wp-json\/wp\/v2\/media?parent=15981"}],"wp:term":[{"taxonomy":"product_cat","embeddable":true,"href":"https:\/\/specialsteelforge.com\/fr\/wp-json\/wp\/v2\/product_cat?post=15981"},{"taxonomy":"product_tag","embeddable":true,"href":"https:\/\/specialsteelforge.com\/fr\/wp-json\/wp\/v2\/product_tag?post=15981"}],"curies":[{"name":"wp","href":"https:\/\/api.w.org\/{rel}","templated":true}]}}