{"id":16246,"date":"2024-06-05T16:32:31","date_gmt":"2024-06-05T08:32:31","guid":{"rendered":"https:\/\/specialsteelforge.com\/?post_type=product&#038;p=16246"},"modified":"2024-07-10T22:20:38","modified_gmt":"2024-07-10T14:20:38","slug":"custom-large-size-copper-sleeve-forging-high-quality-machining-large-copper-sleeve","status":"publish","type":"product","link":"https:\/\/specialsteelforge.com\/de\/produkt\/custom-large-size-copper-sleeve-forging-high-quality-machining-large-copper-sleeve\/","title":{"rendered":"Benutzerdefinierte gro\u00dfe Gr\u00f6\u00dfe Kupferh\u00fclse Schmieden hohe Qualit\u00e4t Bearbeitung gro\u00dfe Kupferh\u00fclse"},"content":{"rendered":"<p><img fetchpriority=\"high\" decoding=\"async\" class=\"aligncenter size-full wp-image-16394\" src=\"https:\/\/specialsteelforge.com\/wp-content\/uploads\/2024\/06\/1720621213378.png\" alt=\"\" width=\"1855\" height=\"773\" srcset=\"https:\/\/specialsteelforge.com\/wp-content\/uploads\/2024\/06\/1720621213378.png 1855w, https:\/\/specialsteelforge.com\/wp-content\/uploads\/2024\/06\/1720621213378-400x167.png 400w, https:\/\/specialsteelforge.com\/wp-content\/uploads\/2024\/06\/1720621213378-1300x542.png 1300w, https:\/\/specialsteelforge.com\/wp-content\/uploads\/2024\/06\/1720621213378-768x320.png 768w, https:\/\/specialsteelforge.com\/wp-content\/uploads\/2024\/06\/1720621213378-1536x640.png 1536w, https:\/\/specialsteelforge.com\/wp-content\/uploads\/2024\/06\/1720621213378-18x8.png 18w, https:\/\/specialsteelforge.com\/wp-content\/uploads\/2024\/06\/1720621213378-430x179.png 430w, https:\/\/specialsteelforge.com\/wp-content\/uploads\/2024\/06\/1720621213378-700x292.png 700w\" sizes=\"(max-width: 1855px) 100vw, 1855px\" \/><\/p>","protected":false},"excerpt":{"rendered":"<table>\n<tbody>\n<tr>\n<th class=\"th-label\" width=\"160\">Verarbeitungsobjekt:<\/th>\n<td>Metall<\/td>\n<\/tr>\n<tr>\n<th class=\"th-label\" width=\"160\">Stil der Formgebung:<\/th>\n<td>Schmieden<\/td>\n<\/tr>\n<tr>\n<th class=\"th-label\" width=\"160\">Technik der Formgebung:<\/th>\n<td>Schwerkraftgie\u00dfen<\/td>\n<\/tr>\n<tr>\n<th class=\"th-label\" width=\"160\">Anwendung:<\/th>\n<td>Landmaschinenteile<\/td>\n<\/tr>\n<tr>\n<th class=\"th-label\" width=\"160\">Material:<\/th>\n<td>Stahl<\/td>\n<\/tr>\n<tr>\n<th class=\"th-label\" width=\"160\">W\u00e4rmebehandlung:<\/th>\n<td>Anlassen<\/td>\n<\/tr>\n<\/tbody>\n<\/table>","protected":false},"featured_media":16233,"comment_status":"open","ping_status":"closed","template":"","meta":{"site-sidebar-layout":"default","site-content-layout":"","ast-site-content-layout":"default","site-content-style":"default","site-sidebar-style":"default","ast-global-header-display":"","ast-banner-title-visibility":"","ast-main-header-display":"","ast-hfb-above-header-display":"","ast-hfb-below-header-display":"","ast-hfb-mobile-header-display":"","site-post-title":"","ast-breadcrumbs-content":"","ast-featured-img":"","footer-sml-layout":"","theme-transparent-header-meta":"default","adv-header-id-meta":"","stick-header-meta":"","header-above-stick-meta":"","header-main-stick-meta":"","header-below-stick-meta":"","astra-migrate-meta-layouts":"set","ast-page-background-enabled":"default","ast-page-background-meta":{"desktop":{"background-color":"","background-image":"","background-repeat":"repeat","background-position":"center center","background-size":"auto","background-attachment":"scroll","background-type":"","background-media":"","overlay-type":"","overlay-color":"","overlay-gradient":""},"tablet":{"background-color":"","background-image":"","background-repeat":"repeat","background-position":"center center","background-size":"auto","background-attachment":"scroll","background-type":"","background-media":"","overlay-type":"","overlay-color":"","overlay-gradient":""},"mobile":{"background-color":"","background-image":"","background-repeat":"repeat","background-position":"center center","background-size":"auto","background-attachment":"scroll","background-type":"","background-media":"","overlay-type":"","overlay-color":"","overlay-gradient":""}},"ast-content-background-meta":{"desktop":{"background-color":"var(--ast-global-color-5)","background-image":"","background-repeat":"repeat","background-position":"center center","background-size":"auto","background-attachment":"scroll","background-type":"","background-media":"","overlay-type":"","overlay-color":"","overlay-gradient":""},"tablet":{"background-color":"var(--ast-global-color-5)","background-image":"","background-repeat":"repeat","background-position":"center center","background-size":"auto","background-attachment":"scroll","background-type":"","background-media":"","overlay-type":"","overlay-color":"","overlay-gradient":""},"mobile":{"background-color":"var(--ast-global-color-5)","background-image":"","background-repeat":"repeat","background-position":"center center","background-size":"auto","background-attachment":"scroll","background-type":"","background-media":"","overlay-type":"","overlay-color":"","overlay-gradient":""}}},"product_cat":[54,38],"product_tag":[],"_links":{"self":[{"href":"https:\/\/specialsteelforge.com\/de\/wp-json\/wp\/v2\/product\/16246"}],"collection":[{"href":"https:\/\/specialsteelforge.com\/de\/wp-json\/wp\/v2\/product"}],"about":[{"href":"https:\/\/specialsteelforge.com\/de\/wp-json\/wp\/v2\/types\/product"}],"replies":[{"embeddable":true,"href":"https:\/\/specialsteelforge.com\/de\/wp-json\/wp\/v2\/comments?post=16246"}],"version-history":[{"count":3,"href":"https:\/\/specialsteelforge.com\/de\/wp-json\/wp\/v2\/product\/16246\/revisions"}],"predecessor-version":[{"id":16396,"href":"https:\/\/specialsteelforge.com\/de\/wp-json\/wp\/v2\/product\/16246\/revisions\/16396"}],"wp:featuredmedia":[{"embeddable":true,"href":"https:\/\/specialsteelforge.com\/de\/wp-json\/wp\/v2\/media\/16233"}],"wp:attachment":[{"href":"https:\/\/specialsteelforge.com\/de\/wp-json\/wp\/v2\/media?parent=16246"}],"wp:term":[{"taxonomy":"product_cat","embeddable":true,"href":"https:\/\/specialsteelforge.com\/de\/wp-json\/wp\/v2\/product_cat?post=16246"},{"taxonomy":"product_tag","embeddable":true,"href":"https:\/\/specialsteelforge.com\/de\/wp-json\/wp\/v2\/product_tag?post=16246"}],"curies":[{"name":"wp","href":"https:\/\/api.w.org\/{rel}","templated":true}]}}