{"id":16228,"date":"2024-06-05T15:52:48","date_gmt":"2024-06-05T07:52:48","guid":{"rendered":"https:\/\/specialsteelforge.com\/?post_type=product&#038;p=16228"},"modified":"2024-07-10T22:27:46","modified_gmt":"2024-07-10T14:27:46","slug":"customization-available-cheap-wholesale-cylinder-forging-for-extrude-hot-sale-high-quality-china-barrel-forging","status":"publish","type":"product","link":"https:\/\/specialsteelforge.com\/de\/produkt\/customization-available-cheap-wholesale-cylinder-forging-for-extrude-hot-sale-high-quality-china-barrel-forging\/","title":{"rendered":"Customization Available Billig Gro\u00dfhandel Zylinder Schmieden f\u00fcr Extrudieren Hei\u00dfer Verkauf Hohe Qualit\u00e4t China Barrel Schmieden"},"content":{"rendered":"<p><img fetchpriority=\"high\" decoding=\"async\" class=\"aligncenter size-full wp-image-16407\" src=\"https:\/\/specialsteelforge.com\/wp-content\/uploads\/2024\/06\/1720621639827.png\" alt=\"\" width=\"1855\" height=\"769\" srcset=\"https:\/\/specialsteelforge.com\/wp-content\/uploads\/2024\/06\/1720621639827.png 1855w, https:\/\/specialsteelforge.com\/wp-content\/uploads\/2024\/06\/1720621639827-400x166.png 400w, https:\/\/specialsteelforge.com\/wp-content\/uploads\/2024\/06\/1720621639827-1300x539.png 1300w, https:\/\/specialsteelforge.com\/wp-content\/uploads\/2024\/06\/1720621639827-768x318.png 768w, https:\/\/specialsteelforge.com\/wp-content\/uploads\/2024\/06\/1720621639827-1536x637.png 1536w, https:\/\/specialsteelforge.com\/wp-content\/uploads\/2024\/06\/1720621639827-18x7.png 18w, https:\/\/specialsteelforge.com\/wp-content\/uploads\/2024\/06\/1720621639827-430x178.png 430w, https:\/\/specialsteelforge.com\/wp-content\/uploads\/2024\/06\/1720621639827-700x290.png 700w\" sizes=\"(max-width: 1855px) 100vw, 1855px\" \/><\/p>","protected":false},"excerpt":{"rendered":"<table>\n<tbody>\n<tr>\n<th class=\"th-label\" width=\"160\">Verarbeitungsobjekt:<\/th>\n<td>Metall<\/td>\n<\/tr>\n<tr>\n<th class=\"th-label\" width=\"160\">Stil der Formgebung:<\/th>\n<td>Schmieden<\/td>\n<\/tr>\n<tr>\n<th class=\"th-label\" width=\"160\">Technik der Formgebung:<\/th>\n<td>Schwerkraftgie\u00dfen<\/td>\n<\/tr>\n<tr>\n<th class=\"th-label\" width=\"160\">Anwendung:<\/th>\n<td>Landmaschinenteile<\/td>\n<\/tr>\n<tr>\n<th class=\"th-label\" width=\"160\">Material:<\/th>\n<td>Stahl<\/td>\n<\/tr>\n<tr>\n<th class=\"th-label\" width=\"160\">W\u00e4rmebehandlung:<\/th>\n<td>Anlassen<\/td>\n<\/tr>\n<\/tbody>\n<\/table>","protected":false},"featured_media":16229,"comment_status":"open","ping_status":"closed","template":"","meta":{"site-sidebar-layout":"default","site-content-layout":"","ast-site-content-layout":"default","site-content-style":"default","site-sidebar-style":"default","ast-global-header-display":"","ast-banner-title-visibility":"","ast-main-header-display":"","ast-hfb-above-header-display":"","ast-hfb-below-header-display":"","ast-hfb-mobile-header-display":"","site-post-title":"","ast-breadcrumbs-content":"","ast-featured-img":"","footer-sml-layout":"","theme-transparent-header-meta":"default","adv-header-id-meta":"","stick-header-meta":"","header-above-stick-meta":"","header-main-stick-meta":"","header-below-stick-meta":"","astra-migrate-meta-layouts":"set","ast-page-background-enabled":"default","ast-page-background-meta":{"desktop":{"background-color":"","background-image":"","background-repeat":"repeat","background-position":"center center","background-size":"auto","background-attachment":"scroll","background-type":"","background-media":"","overlay-type":"","overlay-color":"","overlay-gradient":""},"tablet":{"background-color":"","background-image":"","background-repeat":"repeat","background-position":"center center","background-size":"auto","background-attachment":"scroll","background-type":"","background-media":"","overlay-type":"","overlay-color":"","overlay-gradient":""},"mobile":{"background-color":"","background-image":"","background-repeat":"repeat","background-position":"center center","background-size":"auto","background-attachment":"scroll","background-type":"","background-media":"","overlay-type":"","overlay-color":"","overlay-gradient":""}},"ast-content-background-meta":{"desktop":{"background-color":"var(--ast-global-color-5)","background-image":"","background-repeat":"repeat","background-position":"center center","background-size":"auto","background-attachment":"scroll","background-type":"","background-media":"","overlay-type":"","overlay-color":"","overlay-gradient":""},"tablet":{"background-color":"var(--ast-global-color-5)","background-image":"","background-repeat":"repeat","background-position":"center center","background-size":"auto","background-attachment":"scroll","background-type":"","background-media":"","overlay-type":"","overlay-color":"","overlay-gradient":""},"mobile":{"background-color":"var(--ast-global-color-5)","background-image":"","background-repeat":"repeat","background-position":"center center","background-size":"auto","background-attachment":"scroll","background-type":"","background-media":"","overlay-type":"","overlay-color":"","overlay-gradient":""}}},"product_cat":[54,38],"product_tag":[],"_links":{"self":[{"href":"https:\/\/specialsteelforge.com\/de\/wp-json\/wp\/v2\/product\/16228"}],"collection":[{"href":"https:\/\/specialsteelforge.com\/de\/wp-json\/wp\/v2\/product"}],"about":[{"href":"https:\/\/specialsteelforge.com\/de\/wp-json\/wp\/v2\/types\/product"}],"replies":[{"embeddable":true,"href":"https:\/\/specialsteelforge.com\/de\/wp-json\/wp\/v2\/comments?post=16228"}],"version-history":[{"count":3,"href":"https:\/\/specialsteelforge.com\/de\/wp-json\/wp\/v2\/product\/16228\/revisions"}],"predecessor-version":[{"id":16406,"href":"https:\/\/specialsteelforge.com\/de\/wp-json\/wp\/v2\/product\/16228\/revisions\/16406"}],"wp:featuredmedia":[{"embeddable":true,"href":"https:\/\/specialsteelforge.com\/de\/wp-json\/wp\/v2\/media\/16229"}],"wp:attachment":[{"href":"https:\/\/specialsteelforge.com\/de\/wp-json\/wp\/v2\/media?parent=16228"}],"wp:term":[{"taxonomy":"product_cat","embeddable":true,"href":"https:\/\/specialsteelforge.com\/de\/wp-json\/wp\/v2\/product_cat?post=16228"},{"taxonomy":"product_tag","embeddable":true,"href":"https:\/\/specialsteelforge.com\/de\/wp-json\/wp\/v2\/product_tag?post=16228"}],"curies":[{"name":"wp","href":"https:\/\/api.w.org\/{rel}","templated":true}]}}