{"id":16198,"date":"2024-06-05T15:29:50","date_gmt":"2024-06-05T07:29:50","guid":{"rendered":"https:\/\/specialsteelforge.com\/?post_type=product&#038;p=16198"},"modified":"2024-07-10T22:47:47","modified_gmt":"2024-07-10T14:47:47","slug":"manufacturer-wholesale-high-quality-forged-valve-body-cheap-factory-die-forging-valve","status":"publish","type":"product","link":"https:\/\/specialsteelforge.com\/de\/produkt\/manufacturer-wholesale-high-quality-forged-valve-body-cheap-factory-die-forging-valve\/","title":{"rendered":"Hersteller Gro\u00dfhandel hohe Qualit\u00e4t geschmiedet Ventilk\u00f6rper, billige Fabrik sterben Schmieden Ventil"},"content":{"rendered":"<p><img fetchpriority=\"high\" decoding=\"async\" class=\"aligncenter size-full wp-image-16436\" src=\"https:\/\/specialsteelforge.com\/wp-content\/uploads\/2024\/06\/1720622833855.png\" alt=\"\" width=\"1855\" height=\"737\" srcset=\"https:\/\/specialsteelforge.com\/wp-content\/uploads\/2024\/06\/1720622833855.png 1855w, https:\/\/specialsteelforge.com\/wp-content\/uploads\/2024\/06\/1720622833855-400x159.png 400w, https:\/\/specialsteelforge.com\/wp-content\/uploads\/2024\/06\/1720622833855-1300x516.png 1300w, https:\/\/specialsteelforge.com\/wp-content\/uploads\/2024\/06\/1720622833855-768x305.png 768w, https:\/\/specialsteelforge.com\/wp-content\/uploads\/2024\/06\/1720622833855-1536x610.png 1536w, https:\/\/specialsteelforge.com\/wp-content\/uploads\/2024\/06\/1720622833855-18x7.png 18w, https:\/\/specialsteelforge.com\/wp-content\/uploads\/2024\/06\/1720622833855-430x171.png 430w, https:\/\/specialsteelforge.com\/wp-content\/uploads\/2024\/06\/1720622833855-700x278.png 700w\" sizes=\"(max-width: 1855px) 100vw, 1855px\" \/><\/p>","protected":false},"excerpt":{"rendered":"<table>\n<tbody>\n<tr>\n<th class=\"th-label\" width=\"160\">Verarbeitungsobjekt:<\/th>\n<td>Metall<\/td>\n<\/tr>\n<tr>\n<th class=\"th-label\" width=\"160\">Stil der Formgebung:<\/th>\n<td>Schmieden<\/td>\n<\/tr>\n<tr>\n<th class=\"th-label\" width=\"160\">Technik der Formgebung:<\/th>\n<td>Schwerkraftgie\u00dfen<\/td>\n<\/tr>\n<tr>\n<th class=\"th-label\" width=\"160\">Anwendung:<\/th>\n<td>Landmaschinenteile<\/td>\n<\/tr>\n<tr>\n<th class=\"th-label\" width=\"160\">Material:<\/th>\n<td>Stahl<\/td>\n<\/tr>\n<tr>\n<th class=\"th-label\" width=\"160\">W\u00e4rmebehandlung:<\/th>\n<td>Anlassen<\/td>\n<\/tr>\n<\/tbody>\n<\/table>\n<p>&nbsp;<\/p>","protected":false},"featured_media":16176,"comment_status":"open","ping_status":"closed","template":"","meta":{"site-sidebar-layout":"default","site-content-layout":"","ast-site-content-layout":"default","site-content-style":"default","site-sidebar-style":"default","ast-global-header-display":"","ast-banner-title-visibility":"","ast-main-header-display":"","ast-hfb-above-header-display":"","ast-hfb-below-header-display":"","ast-hfb-mobile-header-display":"","site-post-title":"","ast-breadcrumbs-content":"","ast-featured-img":"","footer-sml-layout":"","theme-transparent-header-meta":"default","adv-header-id-meta":"","stick-header-meta":"","header-above-stick-meta":"","header-main-stick-meta":"","header-below-stick-meta":"","astra-migrate-meta-layouts":"set","ast-page-background-enabled":"default","ast-page-background-meta":{"desktop":{"background-color":"","background-image":"","background-repeat":"repeat","background-position":"center center","background-size":"auto","background-attachment":"scroll","background-type":"","background-media":"","overlay-type":"","overlay-color":"","overlay-gradient":""},"tablet":{"background-color":"","background-image":"","background-repeat":"repeat","background-position":"center center","background-size":"auto","background-attachment":"scroll","background-type":"","background-media":"","overlay-type":"","overlay-color":"","overlay-gradient":""},"mobile":{"background-color":"","background-image":"","background-repeat":"repeat","background-position":"center center","background-size":"auto","background-attachment":"scroll","background-type":"","background-media":"","overlay-type":"","overlay-color":"","overlay-gradient":""}},"ast-content-background-meta":{"desktop":{"background-color":"var(--ast-global-color-5)","background-image":"","background-repeat":"repeat","background-position":"center center","background-size":"auto","background-attachment":"scroll","background-type":"","background-media":"","overlay-type":"","overlay-color":"","overlay-gradient":""},"tablet":{"background-color":"var(--ast-global-color-5)","background-image":"","background-repeat":"repeat","background-position":"center center","background-size":"auto","background-attachment":"scroll","background-type":"","background-media":"","overlay-type":"","overlay-color":"","overlay-gradient":""},"mobile":{"background-color":"var(--ast-global-color-5)","background-image":"","background-repeat":"repeat","background-position":"center center","background-size":"auto","background-attachment":"scroll","background-type":"","background-media":"","overlay-type":"","overlay-color":"","overlay-gradient":""}}},"product_cat":[30,52],"product_tag":[],"_links":{"self":[{"href":"https:\/\/specialsteelforge.com\/de\/wp-json\/wp\/v2\/product\/16198"}],"collection":[{"href":"https:\/\/specialsteelforge.com\/de\/wp-json\/wp\/v2\/product"}],"about":[{"href":"https:\/\/specialsteelforge.com\/de\/wp-json\/wp\/v2\/types\/product"}],"replies":[{"embeddable":true,"href":"https:\/\/specialsteelforge.com\/de\/wp-json\/wp\/v2\/comments?post=16198"}],"version-history":[{"count":3,"href":"https:\/\/specialsteelforge.com\/de\/wp-json\/wp\/v2\/product\/16198\/revisions"}],"predecessor-version":[{"id":16437,"href":"https:\/\/specialsteelforge.com\/de\/wp-json\/wp\/v2\/product\/16198\/revisions\/16437"}],"wp:featuredmedia":[{"embeddable":true,"href":"https:\/\/specialsteelforge.com\/de\/wp-json\/wp\/v2\/media\/16176"}],"wp:attachment":[{"href":"https:\/\/specialsteelforge.com\/de\/wp-json\/wp\/v2\/media?parent=16198"}],"wp:term":[{"taxonomy":"product_cat","embeddable":true,"href":"https:\/\/specialsteelforge.com\/de\/wp-json\/wp\/v2\/product_cat?post=16198"},{"taxonomy":"product_tag","embeddable":true,"href":"https:\/\/specialsteelforge.com\/de\/wp-json\/wp\/v2\/product_tag?post=16198"}],"curies":[{"name":"wp","href":"https:\/\/api.w.org\/{rel}","templated":true}]}}